{"id":23,"date":"2023-04-21T12:40:48","date_gmt":"2023-04-21T12:40:48","guid":{"rendered":"https:\/\/vaci-care.dk\/?page_id=23"},"modified":"2026-03-26T08:45:50","modified_gmt":"2026-03-26T08:45:50","slug":"vaccinationer-influenza","status":"publish","type":"page","link":"https:\/\/vaci-care.dk\/","title":{"rendered":"Influenzavaccination p\u00e5 arbejdspladsen \u2013 nemt, hurtigt og uden driftstop"},"content":{"rendered":"\n<p>Vi hj\u00e6lper virksomheder med at reducere sygefrav\u00e6r gennem effektiv vaccination af medarbejdere \u2013 direkte hos jer.<\/p>\n\n\n\n<p><strong>\u2714 Vaccination p\u00e5 under 2 minutter pr. medarbejder<\/strong><br><strong>\u2714 Udf\u00f8res af autoriserede sygeplejersker og l\u00e6ge<\/strong><br><strong>\u2714 Minimal forstyrrelse af arbejdsdagen<\/strong><\/p>\n\n\n\n<p><\/p>\n\n\n\n<h2 class=\"wp-block-heading\">Derfor v\u00e6lger virksomheder Vaci-Care<\/h2>\n\n\n\n<ul class=\"wp-block-list\">\n<li><strong>Reducer sygefrav\u00e6r<\/strong><br>Forebyg sygdom i h\u00f8js\u00e6sonen og hold driften k\u00f8rende<\/li>\n\n\n\n<li><strong>Nemt for medarbejderne<\/strong><br>Vi kommer til jer \u2013 ingen transport eller ventetid<\/li>\n\n\n\n<li><strong>Hurtig gennemf\u00f8relse<\/strong><br>Effektiv ops\u00e6tning og afvikling, selv ved mange medarbejdere<\/li>\n\n\n\n<li><strong>Tryg og professionel l\u00f8sning<\/strong><br>Autoriseret sundhedspersonale og korrekt registrering<\/li>\n<\/ul>\n\n\n\n<h2 class=\"wp-block-heading\">S\u00e5dan fungerer det<\/h2>\n\n\n\n<ol start=\"1\" class=\"wp-block-list\">\n<li><strong>I kontakter os<\/strong><br>Vi aftaler tidspunkt og omfang<\/li>\n\n\n\n<li><strong>Vi kommer til jer<\/strong><br>Ops\u00e6tning tager f\u00e5 minutter<\/li>\n\n\n\n<li><strong>Vaccination gennemf\u00f8res hurtigt<\/strong><br>Ca. 2 minutter pr. medarbejder<\/li>\n\n\n\n<li><strong>I er d\u00e6kket ind<\/strong><br>Minimal p\u00e5virkning af arbejdsdagen<\/li>\n<\/ol>\n\n\n\n<h2 class=\"wp-block-heading\">Hvem er det relevant for?<\/h2>\n\n\n\n<p>Vores l\u00f8sning er ideel for virksomheder der:<\/p>\n\n\n\n<ul class=\"wp-block-list\">\n<li>Vil reducere sygefrav\u00e6r i vinterperioden<\/li>\n\n\n\n<li>Har mange medarbejdere samlet \u00e9t sted<\/li>\n\n\n\n<li>\u00d8nsker en nem og professionel l\u00f8sning<\/li>\n\n\n\n<li>Ikke vil bruge tid p\u00e5 logistik<\/li>\n<\/ul>\n\n\n\n<h2 class=\"wp-block-heading\">Tryghed og kvalitet<\/h2>\n\n\n\n<ul class=\"wp-block-list\">\n<li>Autoriserede sygeplejersker og tilknyttet l\u00e6ge<\/li>\n\n\n\n<li>Registrering i Det Danske Vaccinationsregister<\/li>\n\n\n\n<li>Stor erfaring med vaccination p\u00e5 arbejdspladser<\/li>\n<\/ul>\n\n\n\n<p><\/p>\n\n\n\n<p>Hos Vaci-care er det professionelle fagfolk der tager sig af Vaccinationer. <\/p>\n\n\n\n<p>Vi er sygeplejersker og l\u00e6ger, der kommer ud og giver vaccinerne. Vi er tr\u00e6net til at ta os godt af dig, og vi \u00f8nsker at det enkelte menneske f\u00e5r en god oplevelse. <\/p>\n\n\n\n<p>Vi vaccinerer 30 personer i timen, hvor vi matcher priserne p\u00e5 apotekerne.<\/p>\n\n\n\n<p>Vi \u00f8nsker at skabe en god positiv oplevelse. Vi har derfor nogle simple \u00f8nsker til omgivelserne, hvori vi skal vaccinerer.<\/p>\n\n\n\n<p>Alle der bliver vaccineret, f\u00e5r dette registreret online i Det Danske Vaccinationsregister, medicinkortet.<\/p>\n\n\n\n<p>Vi vaccinerer i Oktober, November og December, s\u00e5 snart vaccinen er tilg\u00e6ngelig fra States Serums Institut kan vi vaccinerer, og det sker normalt i oktober.<\/p>\n\n\n\n<p>Kontakt os nu for at booke din tid. Vi plejer at have lukket de fleste aftaler i maj m\u00e5ned, for den kommende s\u00e6son af vaccinationer.<\/p>\n\n\n\n<p>De seneste \u00e5rs vacciner beskytter mod 3 til 4 virusstammer. Din vaccine giver dig beskyttelse efter 2-3 uger og den holder normalt 6 m\u00e5neder. Influenzavaccination kan i sj\u00e6ldne tilf\u00e6lde give bivirkninger, s\u00e5som: R\u00f8dme og h\u00e6velse ved indstiksstedet. Let \u00f8mhed. Let feber, udsl\u00e6t, hovedpine, muskel- og ledsmerter og allergiske reaktioner.<\/p>\n\n\n\n<p>Vaccinationen beskytter 80-90% af alle mod denne s\u00e6sons influenza, s\u00e5 det kr\u00e6ver man bliver vaccineret hvert \u00e5r. Hvis man bliver syg, er symptomerne gerne mildere n\u00e5r man er vaccineret.<\/p>\n\n\n\n<p>Sundhedsstyrelsen anbefaler vaccinationer for personer i risikogrupper, hvor det kan give alvorlige sygdom. Personer udenfor dette, kan f\u00e5 influenza i mere eller mindre grad, men ofte giver dette sygedage. Hvis du \u00f8nsker at minimer denne risiko for sygedage hos dig eller dine medarbejdere, s\u00e5 er vaccination et godt virkemiddel, der kan spare virksomheden for mange penge eller timer i tabt arbejde. Du neds\u00e6tter risikoen for at flere medarbejdere bliver syge samtidigt, og dermed at tr\u00e6kke p\u00e5 ekstra ressourcer i fx produktions-teams.<\/p>\n","protected":false},"excerpt":{"rendered":"<p>Vi hj\u00e6lper virksomheder med at reducere sygefrav\u00e6r gennem effektiv vaccination af medarbejdere \u2013 direkte hos jer. \u2714 Vaccination p\u00e5 under 2 minutter pr. medarbejder\u2714 Udf\u00f8res af autoriserede sygeplejersker og l\u00e6ge\u2714 Minimal forstyrrelse af arbejdsdagen Derfor v\u00e6lger virksomheder Vaci-Care S\u00e5dan fungerer det Hvem er det relevant for? Vores l\u00f8sning er ideel for virksomheder der: Tryghed og [&hellip;]<\/p>\n","protected":false},"author":1,"featured_media":0,"parent":0,"menu_order":0,"comment_status":"closed","ping_status":"closed","template":"","meta":{"ocean_post_layout":"full-width","ocean_both_sidebars_style":"","ocean_both_sidebars_content_width":0,"ocean_both_sidebars_sidebars_width":0,"ocean_sidebar":"","ocean_second_sidebar":"0","ocean_disable_margins":"enable","ocean_add_body_class":"","ocean_shortcode_before_top_bar":"","ocean_shortcode_after_top_bar":"","ocean_shortcode_before_header":"","ocean_shortcode_after_header":"","ocean_has_shortcode":"","ocean_shortcode_after_title":"","ocean_shortcode_before_footer_widgets":"","ocean_shortcode_after_footer_widgets":"","ocean_shortcode_before_footer_bottom":"","ocean_shortcode_after_footer_bottom":"","ocean_display_top_bar":"default","ocean_display_header":"default","ocean_header_style":"","ocean_center_header_left_menu":"0","ocean_custom_header_template":"0","ocean_custom_logo":0,"ocean_custom_retina_logo":0,"ocean_custom_logo_max_width":0,"ocean_custom_logo_tablet_max_width":0,"ocean_custom_logo_mobile_max_width":0,"ocean_custom_logo_max_height":0,"ocean_custom_logo_tablet_max_height":0,"ocean_custom_logo_mobile_max_height":0,"ocean_header_custom_menu":"0","ocean_menu_typo_font_family":"0","ocean_menu_typo_font_subset":"","ocean_menu_typo_font_size":0,"ocean_menu_typo_font_size_tablet":0,"ocean_menu_typo_font_size_mobile":0,"ocean_menu_typo_font_size_unit":"px","ocean_menu_typo_font_weight":"","ocean_menu_typo_font_weight_tablet":"","ocean_menu_typo_font_weight_mobile":"","ocean_menu_typo_transform":"","ocean_menu_typo_transform_tablet":"","ocean_menu_typo_transform_mobile":"","ocean_menu_typo_line_height":0,"ocean_menu_typo_line_height_tablet":0,"ocean_menu_typo_line_height_mobile":0,"ocean_menu_typo_line_height_unit":"","ocean_menu_typo_spacing":0,"ocean_menu_typo_spacing_tablet":0,"ocean_menu_typo_spacing_mobile":0,"ocean_menu_typo_spacing_unit":"","ocean_menu_link_color":"","ocean_menu_link_color_hover":"","ocean_menu_link_color_active":"","ocean_menu_link_background":"","ocean_menu_link_hover_background":"","ocean_menu_link_active_background":"","ocean_menu_social_links_bg":"","ocean_menu_social_hover_links_bg":"","ocean_menu_social_links_color":"","ocean_menu_social_hover_links_color":"","ocean_disable_title":"default","ocean_disable_heading":"default","ocean_post_title":"","ocean_post_subheading":"","ocean_post_title_style":"","ocean_post_title_background_color":"","ocean_post_title_background":0,"ocean_post_title_bg_image_position":"","ocean_post_title_bg_image_attachment":"","ocean_post_title_bg_image_repeat":"","ocean_post_title_bg_image_size":"","ocean_post_title_height":0,"ocean_post_title_bg_overlay":0.5,"ocean_post_title_bg_overlay_color":"","ocean_disable_breadcrumbs":"default","ocean_breadcrumbs_color":"","ocean_breadcrumbs_separator_color":"","ocean_breadcrumbs_links_color":"","ocean_breadcrumbs_links_hover_color":"","ocean_display_footer_widgets":"default","ocean_display_footer_bottom":"default","ocean_custom_footer_template":"0","footnotes":""},"class_list":["post-23","page","type-page","status-publish","hentry","entry"],"yoast_head":"<!-- This site is optimized with the Yoast SEO plugin v27.2 - https:\/\/yoast.com\/product\/yoast-seo-wordpress\/ -->\n<title>Influenzavaccination p\u00e5 arbejdspladsen \u2013 nemt, hurtigt og uden driftstop - VACI-CARE<\/title>\n<meta name=\"robots\" content=\"index, follow, max-snippet:-1, max-image-preview:large, max-video-preview:-1\" \/>\n<link rel=\"canonical\" href=\"https:\/\/vaci-care.dk\/\" \/>\n<meta property=\"og:locale\" content=\"da_DK\" \/>\n<meta property=\"og:type\" content=\"article\" \/>\n<meta property=\"og:title\" content=\"Influenzavaccination p\u00e5 arbejdspladsen \u2013 nemt, hurtigt og uden driftstop - VACI-CARE\" \/>\n<meta property=\"og:description\" content=\"Vi hj\u00e6lper virksomheder med at reducere sygefrav\u00e6r gennem effektiv vaccination af medarbejdere \u2013 direkte hos jer. \u2714 Vaccination p\u00e5 under 2 minutter pr. medarbejder\u2714 Udf\u00f8res af autoriserede sygeplejersker og l\u00e6ge\u2714 Minimal forstyrrelse af arbejdsdagen Derfor v\u00e6lger virksomheder Vaci-Care S\u00e5dan fungerer det Hvem er det relevant for? Vores l\u00f8sning er ideel for virksomheder der: Tryghed og [&hellip;]\" \/>\n<meta property=\"og:url\" content=\"https:\/\/vaci-care.dk\/\" \/>\n<meta property=\"og:site_name\" content=\"VACI-CARE\" \/>\n<meta property=\"article:modified_time\" content=\"2026-03-26T08:45:50+00:00\" \/>\n<meta property=\"og:image\" content=\"https:\/\/vaci-care.dk\/wp-content\/uploads\/2026\/03\/VC-logo.png\" \/>\n\t<meta property=\"og:image:width\" content=\"933\" \/>\n\t<meta property=\"og:image:height\" content=\"213\" \/>\n\t<meta property=\"og:image:type\" content=\"image\/png\" \/>\n<meta name=\"twitter:card\" content=\"summary_large_image\" \/>\n<meta name=\"twitter:label1\" content=\"Estimeret l\u00e6setid\" \/>\n\t<meta name=\"twitter:data1\" content=\"3 minutter\" \/>\n<script type=\"application\/ld+json\" class=\"yoast-schema-graph\">{\"@context\":\"https:\/\/schema.org\",\"@graph\":[{\"@type\":\"WebPage\",\"@id\":\"https:\/\/vaci-care.dk\/\",\"url\":\"https:\/\/vaci-care.dk\/\",\"name\":\"Influenzavaccination p\u00e5 arbejdspladsen \u2013 nemt, hurtigt og uden driftstop - VACI-CARE\",\"isPartOf\":{\"@id\":\"https:\/\/vaci-care.dk\/#website\"},\"datePublished\":\"2023-04-21T12:40:48+00:00\",\"dateModified\":\"2026-03-26T08:45:50+00:00\",\"breadcrumb\":{\"@id\":\"https:\/\/vaci-care.dk\/#breadcrumb\"},\"inLanguage\":\"da-DK\",\"potentialAction\":[{\"@type\":\"ReadAction\",\"target\":[\"https:\/\/vaci-care.dk\/\"]}]},{\"@type\":\"BreadcrumbList\",\"@id\":\"https:\/\/vaci-care.dk\/#breadcrumb\",\"itemListElement\":[{\"@type\":\"ListItem\",\"position\":1,\"name\":\"Hjem\",\"item\":\"https:\/\/vaci-care.dk\/\"},{\"@type\":\"ListItem\",\"position\":2,\"name\":\"Influenzavaccination p\u00e5 arbejdspladsen \u2013 nemt, hurtigt og uden driftstop\"}]},{\"@type\":\"WebSite\",\"@id\":\"https:\/\/vaci-care.dk\/#website\",\"url\":\"https:\/\/vaci-care.dk\/\",\"name\":\"VACI-CARE\",\"description\":\"Vaccination mod influenza - vi hj\u00e6lper dit firma.\",\"publisher\":{\"@id\":\"https:\/\/vaci-care.dk\/#organization\"},\"potentialAction\":[{\"@type\":\"SearchAction\",\"target\":{\"@type\":\"EntryPoint\",\"urlTemplate\":\"https:\/\/vaci-care.dk\/?s={search_term_string}\"},\"query-input\":{\"@type\":\"PropertyValueSpecification\",\"valueRequired\":true,\"valueName\":\"search_term_string\"}}],\"inLanguage\":\"da-DK\"},{\"@type\":\"Organization\",\"@id\":\"https:\/\/vaci-care.dk\/#organization\",\"name\":\"VACI-CARE\",\"url\":\"https:\/\/vaci-care.dk\/\",\"logo\":{\"@type\":\"ImageObject\",\"inLanguage\":\"da-DK\",\"@id\":\"https:\/\/vaci-care.dk\/#\/schema\/logo\/image\/\",\"url\":\"https:\/\/vaci-care.dk\/wp-content\/uploads\/2026\/03\/VC-logo.png\",\"contentUrl\":\"https:\/\/vaci-care.dk\/wp-content\/uploads\/2026\/03\/VC-logo.png\",\"width\":933,\"height\":213,\"caption\":\"VACI-CARE\"},\"image\":{\"@id\":\"https:\/\/vaci-care.dk\/#\/schema\/logo\/image\/\"}}]}<\/script>\n<!-- \/ Yoast SEO plugin. -->","yoast_head_json":{"title":"Influenzavaccination p\u00e5 arbejdspladsen \u2013 nemt, hurtigt og uden driftstop - VACI-CARE","robots":{"index":"index","follow":"follow","max-snippet":"max-snippet:-1","max-image-preview":"max-image-preview:large","max-video-preview":"max-video-preview:-1"},"canonical":"https:\/\/vaci-care.dk\/","og_locale":"da_DK","og_type":"article","og_title":"Influenzavaccination p\u00e5 arbejdspladsen \u2013 nemt, hurtigt og uden driftstop - VACI-CARE","og_description":"Vi hj\u00e6lper virksomheder med at reducere sygefrav\u00e6r gennem effektiv vaccination af medarbejdere \u2013 direkte hos jer. \u2714 Vaccination p\u00e5 under 2 minutter pr. medarbejder\u2714 Udf\u00f8res af autoriserede sygeplejersker og l\u00e6ge\u2714 Minimal forstyrrelse af arbejdsdagen Derfor v\u00e6lger virksomheder Vaci-Care S\u00e5dan fungerer det Hvem er det relevant for? Vores l\u00f8sning er ideel for virksomheder der: Tryghed og [&hellip;]","og_url":"https:\/\/vaci-care.dk\/","og_site_name":"VACI-CARE","article_modified_time":"2026-03-26T08:45:50+00:00","og_image":[{"width":933,"height":213,"url":"https:\/\/vaci-care.dk\/wp-content\/uploads\/2026\/03\/VC-logo.png","type":"image\/png"}],"twitter_card":"summary_large_image","twitter_misc":{"Estimeret l\u00e6setid":"3 minutter"},"schema":{"@context":"https:\/\/schema.org","@graph":[{"@type":"WebPage","@id":"https:\/\/vaci-care.dk\/","url":"https:\/\/vaci-care.dk\/","name":"Influenzavaccination p\u00e5 arbejdspladsen \u2013 nemt, hurtigt og uden driftstop - VACI-CARE","isPartOf":{"@id":"https:\/\/vaci-care.dk\/#website"},"datePublished":"2023-04-21T12:40:48+00:00","dateModified":"2026-03-26T08:45:50+00:00","breadcrumb":{"@id":"https:\/\/vaci-care.dk\/#breadcrumb"},"inLanguage":"da-DK","potentialAction":[{"@type":"ReadAction","target":["https:\/\/vaci-care.dk\/"]}]},{"@type":"BreadcrumbList","@id":"https:\/\/vaci-care.dk\/#breadcrumb","itemListElement":[{"@type":"ListItem","position":1,"name":"Hjem","item":"https:\/\/vaci-care.dk\/"},{"@type":"ListItem","position":2,"name":"Influenzavaccination p\u00e5 arbejdspladsen \u2013 nemt, hurtigt og uden driftstop"}]},{"@type":"WebSite","@id":"https:\/\/vaci-care.dk\/#website","url":"https:\/\/vaci-care.dk\/","name":"VACI-CARE","description":"Vaccination mod influenza - vi hj\u00e6lper dit firma.","publisher":{"@id":"https:\/\/vaci-care.dk\/#organization"},"potentialAction":[{"@type":"SearchAction","target":{"@type":"EntryPoint","urlTemplate":"https:\/\/vaci-care.dk\/?s={search_term_string}"},"query-input":{"@type":"PropertyValueSpecification","valueRequired":true,"valueName":"search_term_string"}}],"inLanguage":"da-DK"},{"@type":"Organization","@id":"https:\/\/vaci-care.dk\/#organization","name":"VACI-CARE","url":"https:\/\/vaci-care.dk\/","logo":{"@type":"ImageObject","inLanguage":"da-DK","@id":"https:\/\/vaci-care.dk\/#\/schema\/logo\/image\/","url":"https:\/\/vaci-care.dk\/wp-content\/uploads\/2026\/03\/VC-logo.png","contentUrl":"https:\/\/vaci-care.dk\/wp-content\/uploads\/2026\/03\/VC-logo.png","width":933,"height":213,"caption":"VACI-CARE"},"image":{"@id":"https:\/\/vaci-care.dk\/#\/schema\/logo\/image\/"}}]}},"_links":{"self":[{"href":"https:\/\/vaci-care.dk\/wp-json\/wp\/v2\/pages\/23","targetHints":{"allow":["GET"]}}],"collection":[{"href":"https:\/\/vaci-care.dk\/wp-json\/wp\/v2\/pages"}],"about":[{"href":"https:\/\/vaci-care.dk\/wp-json\/wp\/v2\/types\/page"}],"author":[{"embeddable":true,"href":"https:\/\/vaci-care.dk\/wp-json\/wp\/v2\/users\/1"}],"replies":[{"embeddable":true,"href":"https:\/\/vaci-care.dk\/wp-json\/wp\/v2\/comments?post=23"}],"version-history":[{"count":21,"href":"https:\/\/vaci-care.dk\/wp-json\/wp\/v2\/pages\/23\/revisions"}],"predecessor-version":[{"id":170,"href":"https:\/\/vaci-care.dk\/wp-json\/wp\/v2\/pages\/23\/revisions\/170"}],"wp:attachment":[{"href":"https:\/\/vaci-care.dk\/wp-json\/wp\/v2\/media?parent=23"}],"curies":[{"name":"wp","href":"https:\/\/api.w.org\/{rel}","templated":true}]}}